{"id":34,"date":"2025-10-16T12:02:13","date_gmt":"2025-10-16T12:02:13","guid":{"rendered":"https:\/\/myopraktikk.org\/?page_id=34"},"modified":"2025-10-24T08:39:00","modified_gmt":"2025-10-24T08:39:00","slug":"suport-us","status":"publish","type":"page","link":"https:\/\/myopraktikk.org\/index.php\/suport-us\/","title":{"rendered":"Suport us (NO)"},"content":{"rendered":"<div>Vippsnr: #835116 <\/div>\n<h1>St\u00f8tt oss i arbeidet <br \/> Vipps 50 kr eller valgfritt bel\u00f8p<br \/>\n<\/h1>\n<p><img decoding=\"async\" src=\"\/wp-content\/uploads\/2025\/10\/vipps.jpg\" alt=\"\"><\/p>\n<div>Muskelskjelett koster over 250 milliarder NOK \u00e5rlig bare i Norge og utgj\u00f8r store belastninger for den enkelte pasient!<\/div>\n<div>\nThe International Myopraktikk Organization (TIMO) er en non-profitt organisasjon som har til form\u00e5l \u00e5 fremme kunnskap, litteratur og forskning om myopraktikk.\n<\/div>\n<div>Organisasjonen jobber med \u00e5 utdanne h\u00f8yt kvalifiserte myopraktorer som har en unik og ny m\u00e5te \u00e5 forst\u00e5 og behandle smerter og dysfunksjoner i bevegelsesapparatet p\u00e5!<\/div>\n<div>Mer forskning for st\u00f8rre generell kunnskap og forst\u00e5else er ogs\u00e5 noe organisasjonen jobber aktivt med, og organisasjonen \u00f8nsker ogs\u00e5 \u00e5 st\u00f8tte relevant forskning!<\/div>\n<h2><span class=\"uk-text-primary\">Takk for din st\u00f8tte<\/span> <br \/> til organisasjonens drift og forskning!<\/h2>\n<h2>Contact us<br \/> <span class=\"uk-text-primary\">with your questions<\/span><\/h2>\n<div>If you have questions about certification, education, membership, or professional support within Myopraktikk, don\u2019t hesitate to reach out.<br \/>\nOur team is ready to assist you.<\/div>\n<p><p>\n        <a href=\"\/index.php\/contact\/\">Contact us<\/a>\n    <\/p>\n<\/p>\n<p><img decoding=\"async\" src=\"\/wp-content\/uploads\/course-cta.svg\" alt=\"\"><\/p>\n<p><!--more--><br \/>\n<!-- {\"type\":\"layout\",\"children\":[{\"name\":\"Hero\",\"type\":\"section\",\"props\":{\"animation\":\"fade\",\"header_transparent\":true,\"header_transparent_noplaceholder\":false,\"header_transparent_text_color\":\"dark\",\"image\":\"wp-content\\\/uploads\\\/course-hero-bg.svg\",\"image_position\":\"top-center\",\"media_visibility\":\"s\",\"padding\":\"large\",\"style\":\"default\",\"title_breakpoint\":\"xl\",\"title_position\":\"top-left\",\"title_rotation\":\"left\",\"vertical_align\":\"\",\"width\":\"large\"},\"children\":[{\"type\":\"row\",\"children\":[{\"type\":\"column\",\"props\":{\"image_position\":\"center-center\",\"position_sticky_breakpoint\":\"m\",\"width_medium\":\"1-1\"},\"children\":[{\"type\":\"headline\",\"props\":{\"content\":\"Vippsnr: #835116 \",\"text_align\":\"center\",\"title_color\":\"primary\",\"title_element\":\"div\",\"title_style\":\"h5\"}},{\"type\":\"headline\",\"props\":{\"block_align\":\"center\",\"content\":\"St\\u00f8tt oss i arbeidet <br \\\/> Vipps 50 kr eller valgfritt bel\\u00f8p\\n\",\"margin_remove_top\":true,\"maxwidth\":\"2xlarge\",\"text_align\":\"center\",\"title_element\":\"h1\",\"title_style\":\"heading-small\"}},{\"type\":\"image\",\"props\":{\"image\":\"wp-content\\\/uploads\\\/2025\\\/10\\\/vipps.jpg\",\"image_svg_color\":\"emphasis\",\"margin\":\"default\",\"text_align\":\"center\"}}]}]},{\"type\":\"row\",\"children\":[{\"type\":\"column\",\"props\":{\"image_position\":\"center-center\",\"position_sticky_breakpoint\":\"m\"},\"children\":[{\"type\":\"text\",\"props\":{\"column_breakpoint\":\"m\",\"content\":\"Muskelskjelett koster over 250 milliarder NOK \\u00e5rlig bare i Norge og utgj\\u00f8r store belastninger for den enkelte pasient!\",\"margin\":\"default\",\"text_align\":\"center\",\"text_style\":\"lead\"}}]}]}]},{\"name\":\"About\",\"type\":\"section\",\"props\":{\"animation\":\"fade\",\"image_position\":\"center-center\",\"style\":\"muted\",\"title_breakpoint\":\"xl\",\"title_position\":\"top-left\",\"title_rotation\":\"left\",\"vertical_align\":\"\",\"width\":\"large\"},\"children\":[{\"type\":\"row\",\"children\":[{\"type\":\"column\",\"props\":{\"image_position\":\"center-center\",\"position_sticky_breakpoint\":\"m\",\"style\":\"card-default\"},\"children\":[{\"type\":\"fragment\",\"props\":{\"margin\":\"default\"},\"children\":[{\"type\":\"row\",\"children\":[{\"type\":\"column\",\"props\":{\"image_position\":\"center-center\",\"position_sticky_breakpoint\":\"m\"},\"children\":[{\"type\":\"text\",\"props\":{\"column_breakpoint\":\"m\",\"content\":\"\\nThe International Myopraktikk Organization (TIMO) er en non-profitt organisasjon som har til form\\u00e5l \\u00e5 fremme kunnskap, litteratur og forskning om myopraktikk.\\n\",\"margin\":\"default\",\"text_align\":\"center\",\"text_style\":\"large\"}}]}]},{\"type\":\"row\",\"props\":{\"layout\":\"1-2,1-2\"},\"children\":[{\"type\":\"column\",\"props\":{\"image_position\":\"center-center\",\"position_sticky_breakpoint\":\"m\",\"width_medium\":\"1-2\"},\"children\":[{\"type\":\"text\",\"props\":{\"column_breakpoint\":\"m\",\"content\":\"Organisasjonen jobber med \\u00e5 utdanne h\\u00f8yt kvalifiserte myopraktorer som har en unik og ny m\\u00e5te \\u00e5 forst\\u00e5 og behandle smerter og dysfunksjoner i bevegelsesapparatet p\\u00e5!\",\"margin\":\"default\"}}]},{\"type\":\"column\",\"props\":{\"image_position\":\"center-center\",\"position_sticky_breakpoint\":\"m\",\"width_medium\":\"1-2\"},\"children\":[{\"type\":\"text\",\"props\":{\"column_breakpoint\":\"m\",\"content\":\"Mer forskning for st\\u00f8rre generell kunnskap og forst\\u00e5else er ogs\\u00e5 noe organisasjonen jobber aktivt med, og organisasjonen \\u00f8nsker ogs\\u00e5 \\u00e5 st\\u00f8tte relevant forskning!\",\"margin\":\"default\"}}]}]}]}]}]}]},{\"name\":\"Takk for din st\\u00f8tte\",\"type\":\"section\",\"props\":{\"animation\":\"fade\",\"animation_delay\":false,\"image_position\":\"center-center\",\"padding\":\"large\",\"style\":\"default\",\"title_breakpoint\":\"xl\",\"title_position\":\"top-left\",\"title_rotation\":\"left\",\"vertical_align\":\"\",\"width\":\"large\"},\"children\":[{\"type\":\"row\",\"children\":[{\"type\":\"column\",\"props\":{\"image_position\":\"center-center\",\"position_sticky_breakpoint\":\"m\",\"width_medium\":\"1-1\"},\"children\":[{\"type\":\"headline\",\"props\":{\"content\":\"<span class=\\\"uk-text-primary\\\">Takk for din st\\u00f8tte<\\\/span> <br \\\/> til organisasjonens drift og forskning!\",\"text_align\":\"center\",\"title_element\":\"h2\",\"title_style\":\"h1\"}}]}]}]},{\"name\":\"Call to Action\",\"type\":\"section\",\"props\":{\"animation\":\"fade\",\"image\":\"wp-content\\\/uploads\\\/course-cta-bg.svg\",\"image_position\":\"center-left\",\"image_size\":\"contain\",\"media_visibility\":\"s\",\"padding\":\"large\",\"style\":\"default\",\"title_breakpoint\":\"xl\",\"title_position\":\"top-left\",\"title_rotation\":\"left\",\"vertical_align\":\"\",\"width\":\"large\"},\"children\":[{\"type\":\"row\",\"props\":{\"layout\":\"1-2,1-2\"},\"children\":[{\"type\":\"column\",\"props\":{\"image_position\":\"center-center\",\"position_sticky_breakpoint\":\"m\",\"vertical_align\":\"middle\",\"width_small\":\"1-2\"},\"children\":[{\"type\":\"headline\",\"props\":{\"content\":\"Contact us<br \/> <span class=\\\"uk-text-primary\\\">with your questions<\\\/span>\",\"text_align\":\"left\",\"text_align_breakpoint\":\"m\",\"text_align_fallback\":\"center\",\"title_element\":\"h2\",\"title_style\":\"h1\"}},{\"type\":\"text\",\"props\":{\"column_breakpoint\":\"m\",\"content\":\"If you have questions about certification, education, membership, or professional support within Myopraktikk, don\\u2019t hesitate to reach out.\\nOur team is ready to assist you.\",\"margin\":\"default\",\"maxwidth\":\"large\",\"maxwidth_breakpoint\":\"m\",\"text_align\":\"left\",\"text_align_breakpoint\":\"m\",\"text_align_fallback\":\"center\",\"text_style\":\"large\"}},{\"type\":\"button\",\"props\":{\"button_size\":\"large\",\"grid_column_gap\":\"small\",\"grid_row_gap\":\"small\",\"margin\":\"medium\",\"text_align\":\"left\",\"text_align_breakpoint\":\"m\",\"text_align_fallback\":\"center\"},\"children\":[{\"type\":\"button_item\",\"props\":{\"button_style\":\"default\",\"content\":\"Contact us\",\"dialog_layout\":\"modal\",\"dialog_offcanvas_flip\":true,\"icon\":\"mail\",\"icon_align\":\"left\",\"link\":\"index.php\\\/contact\\\/\"}}]}]},{\"type\":\"column\",\"props\":{\"image_position\":\"center-center\",\"position_sticky_breakpoint\":\"m\",\"width_small\":\"1-2\"},\"children\":[{\"type\":\"image\",\"props\":{\"image\":\"wp-content\\\/uploads\\\/course-cta.svg\",\"image_svg_color\":\"emphasis\",\"image_svg_inline\":true,\"margin\":\"\",\"visibility\":\"m\"}}]}]}]}],\"version\":\"4.5.31\"} --><\/p>\n","protected":false},"excerpt":{"rendered":"<p>Vippsnr: #835116 St\u00f8tt oss i arbeidet Vipps 50 kr eller valgfritt bel\u00f8p Muskelskjelett koster over 250 milliarder NOK \u00e5rlig bare i Norge og utgj\u00f8r store belastninger for den enkelte pasient! The International Myopraktikk Organization (TIMO) er en non-profitt organisasjon som har til form\u00e5l \u00e5 fremme kunnskap, litteratur og forskning om myopraktikk. Organisasjonen jobber med \u00e5 [&hellip;]<\/p>\n","protected":false},"author":1,"featured_media":0,"parent":0,"menu_order":0,"comment_status":"closed","ping_status":"closed","template":"","meta":{"footnotes":""},"class_list":["post-34","page","type-page","status-publish","hentry"],"yoast_head":"<!-- This site is optimized with the Yoast SEO plugin v27.4 - https:\/\/yoast.com\/product\/yoast-seo-wordpress\/ -->\n<title>Suport us (NO) - Myopraktikk.org<\/title>\n<meta name=\"robots\" content=\"index, follow, max-snippet:-1, max-image-preview:large, max-video-preview:-1\" \/>\n<link rel=\"canonical\" href=\"https:\/\/myopraktikk.org\/index.php\/suport-us\/\" \/>\n<meta property=\"og:locale\" content=\"en_US\" \/>\n<meta property=\"og:type\" content=\"article\" \/>\n<meta property=\"og:title\" content=\"Suport us (NO) - Myopraktikk.org\" \/>\n<meta property=\"og:description\" content=\"Vippsnr: #835116 St\u00f8tt oss i arbeidet Vipps 50 kr eller valgfritt bel\u00f8p Muskelskjelett koster over 250 milliarder NOK \u00e5rlig bare i Norge og utgj\u00f8r store belastninger for den enkelte pasient! The International Myopraktikk Organization (TIMO) er en non-profitt organisasjon som har til form\u00e5l \u00e5 fremme kunnskap, litteratur og forskning om myopraktikk. Organisasjonen jobber med \u00e5 [&hellip;]\" \/>\n<meta property=\"og:url\" content=\"https:\/\/myopraktikk.org\/index.php\/suport-us\/\" \/>\n<meta property=\"og:site_name\" content=\"Myopraktikk.org\" \/>\n<meta property=\"article:modified_time\" content=\"2025-10-24T08:39:00+00:00\" \/>\n<meta name=\"twitter:card\" content=\"summary_large_image\" \/>\n<meta name=\"twitter:label1\" content=\"Est. reading time\" \/>\n\t<meta name=\"twitter:data1\" content=\"2 minutes\" \/>\n<script type=\"application\/ld+json\" class=\"yoast-schema-graph\">{\"@context\":\"https:\\\/\\\/schema.org\",\"@graph\":[{\"@type\":\"WebPage\",\"@id\":\"https:\\\/\\\/myopraktikk.org\\\/index.php\\\/suport-us\\\/\",\"url\":\"https:\\\/\\\/myopraktikk.org\\\/index.php\\\/suport-us\\\/\",\"name\":\"Suport us (NO) - Myopraktikk.org\",\"isPartOf\":{\"@id\":\"https:\\\/\\\/myopraktikk.org\\\/#website\"},\"datePublished\":\"2025-10-16T12:02:13+00:00\",\"dateModified\":\"2025-10-24T08:39:00+00:00\",\"breadcrumb\":{\"@id\":\"https:\\\/\\\/myopraktikk.org\\\/index.php\\\/suport-us\\\/#breadcrumb\"},\"inLanguage\":\"en-US\",\"potentialAction\":[{\"@type\":\"ReadAction\",\"target\":[\"https:\\\/\\\/myopraktikk.org\\\/index.php\\\/suport-us\\\/\"]}]},{\"@type\":\"BreadcrumbList\",\"@id\":\"https:\\\/\\\/myopraktikk.org\\\/index.php\\\/suport-us\\\/#breadcrumb\",\"itemListElement\":[{\"@type\":\"ListItem\",\"position\":1,\"name\":\"Home\",\"item\":\"https:\\\/\\\/myopraktikk.org\\\/\"},{\"@type\":\"ListItem\",\"position\":2,\"name\":\"Suport us (NO)\"}]},{\"@type\":\"WebSite\",\"@id\":\"https:\\\/\\\/myopraktikk.org\\\/#website\",\"url\":\"https:\\\/\\\/myopraktikk.org\\\/\",\"name\":\"Myopraktikk.org\",\"description\":\"\",\"potentialAction\":[{\"@type\":\"SearchAction\",\"target\":{\"@type\":\"EntryPoint\",\"urlTemplate\":\"https:\\\/\\\/myopraktikk.org\\\/?s={search_term_string}\"},\"query-input\":{\"@type\":\"PropertyValueSpecification\",\"valueRequired\":true,\"valueName\":\"search_term_string\"}}],\"inLanguage\":\"en-US\"}]}<\/script>\n<!-- \/ Yoast SEO plugin. -->","yoast_head_json":{"title":"Suport us (NO) - Myopraktikk.org","robots":{"index":"index","follow":"follow","max-snippet":"max-snippet:-1","max-image-preview":"max-image-preview:large","max-video-preview":"max-video-preview:-1"},"canonical":"https:\/\/myopraktikk.org\/index.php\/suport-us\/","og_locale":"en_US","og_type":"article","og_title":"Suport us (NO) - Myopraktikk.org","og_description":"Vippsnr: #835116 St\u00f8tt oss i arbeidet Vipps 50 kr eller valgfritt bel\u00f8p Muskelskjelett koster over 250 milliarder NOK \u00e5rlig bare i Norge og utgj\u00f8r store belastninger for den enkelte pasient! The International Myopraktikk Organization (TIMO) er en non-profitt organisasjon som har til form\u00e5l \u00e5 fremme kunnskap, litteratur og forskning om myopraktikk. Organisasjonen jobber med \u00e5 [&hellip;]","og_url":"https:\/\/myopraktikk.org\/index.php\/suport-us\/","og_site_name":"Myopraktikk.org","article_modified_time":"2025-10-24T08:39:00+00:00","twitter_card":"summary_large_image","twitter_misc":{"Est. reading time":"2 minutes"},"schema":{"@context":"https:\/\/schema.org","@graph":[{"@type":"WebPage","@id":"https:\/\/myopraktikk.org\/index.php\/suport-us\/","url":"https:\/\/myopraktikk.org\/index.php\/suport-us\/","name":"Suport us (NO) - Myopraktikk.org","isPartOf":{"@id":"https:\/\/myopraktikk.org\/#website"},"datePublished":"2025-10-16T12:02:13+00:00","dateModified":"2025-10-24T08:39:00+00:00","breadcrumb":{"@id":"https:\/\/myopraktikk.org\/index.php\/suport-us\/#breadcrumb"},"inLanguage":"en-US","potentialAction":[{"@type":"ReadAction","target":["https:\/\/myopraktikk.org\/index.php\/suport-us\/"]}]},{"@type":"BreadcrumbList","@id":"https:\/\/myopraktikk.org\/index.php\/suport-us\/#breadcrumb","itemListElement":[{"@type":"ListItem","position":1,"name":"Home","item":"https:\/\/myopraktikk.org\/"},{"@type":"ListItem","position":2,"name":"Suport us (NO)"}]},{"@type":"WebSite","@id":"https:\/\/myopraktikk.org\/#website","url":"https:\/\/myopraktikk.org\/","name":"Myopraktikk.org","description":"","potentialAction":[{"@type":"SearchAction","target":{"@type":"EntryPoint","urlTemplate":"https:\/\/myopraktikk.org\/?s={search_term_string}"},"query-input":{"@type":"PropertyValueSpecification","valueRequired":true,"valueName":"search_term_string"}}],"inLanguage":"en-US"}]}},"_links":{"self":[{"href":"https:\/\/myopraktikk.org\/index.php\/wp-json\/wp\/v2\/pages\/34","targetHints":{"allow":["GET"]}}],"collection":[{"href":"https:\/\/myopraktikk.org\/index.php\/wp-json\/wp\/v2\/pages"}],"about":[{"href":"https:\/\/myopraktikk.org\/index.php\/wp-json\/wp\/v2\/types\/page"}],"author":[{"embeddable":true,"href":"https:\/\/myopraktikk.org\/index.php\/wp-json\/wp\/v2\/users\/1"}],"replies":[{"embeddable":true,"href":"https:\/\/myopraktikk.org\/index.php\/wp-json\/wp\/v2\/comments?post=34"}],"version-history":[{"count":15,"href":"https:\/\/myopraktikk.org\/index.php\/wp-json\/wp\/v2\/pages\/34\/revisions"}],"predecessor-version":[{"id":334,"href":"https:\/\/myopraktikk.org\/index.php\/wp-json\/wp\/v2\/pages\/34\/revisions\/334"}],"wp:attachment":[{"href":"https:\/\/myopraktikk.org\/index.php\/wp-json\/wp\/v2\/media?parent=34"}],"curies":[{"name":"wp","href":"https:\/\/api.w.org\/{rel}","templated":true}]}}